{"id":434,"date":"2024-09-04T15:42:45","date_gmt":"2024-09-04T13:42:45","guid":{"rendered":"http:\/\/serwer1830253.home.pl\/autoinstalator\/wordpressplugins\/?page_id=434"},"modified":"2026-02-14T18:35:00","modified_gmt":"2026-02-14T17:35:00","slug":"zapisy-2025-2026","status":"publish","type":"page","link":"https:\/\/legendarni.com\/index.php\/zapisy-2025-2026\/","title":{"rendered":"Zapisy"},"content":{"rendered":"\t\t<div data-elementor-type=\"wp-page\" data-elementor-id=\"434\" class=\"elementor elementor-434\">\n\t\t\t\t<div class=\"elementor-element elementor-element-c2f75e1 e-flex e-con-boxed e-con e-parent\" data-id=\"c2f75e1\" data-element_type=\"container\">\n\t\t\t\t\t<div class=\"e-con-inner\">\n\t\t\t\t\t<\/div>\n\t\t\t\t<\/div>\n\t\t<div class=\"elementor-element elementor-element-ed3dfea e-flex e-con-boxed e-con e-parent\" data-id=\"ed3dfea\" data-element_type=\"container\">\n\t\t\t\t\t<div class=\"e-con-inner\">\n\t\t\t\t<div class=\"elementor-element elementor-element-87eba1b elementor-widget elementor-widget-heading\" data-id=\"87eba1b\" data-element_type=\"widget\" data-widget_type=\"heading.default\">\n\t\t\t\t<div class=\"elementor-widget-container\">\n\t\t\t\t\t<h4 class=\"elementor-heading-title elementor-size-default\">Jak zapisa\u0107 si\u0119 do naszego klubu?<\/h4>\t\t\t\t<\/div>\n\t\t\t\t<\/div>\n\t\t\t\t<div class=\"elementor-element elementor-element-0c5e222 elementor-widget elementor-widget-text-editor\" data-id=\"0c5e222\" data-element_type=\"widget\" data-widget_type=\"text-editor.default\">\n\t\t\t\t<div class=\"elementor-widget-container\">\n\t\t\t\t\t\t\t\t\t<p>1. Wybierz lokalizacj\u0119, do kt\u00f3rej chcesz zapisa\u0107 swojego pi\u0142karza\/pi\u0142kark\u0119 i kliknij &#8222;Formularz&#8221;<br \/>2. Wype\u0142nij wszystkie dane w formularzu, Uwaga! Wpisuj\u0105c nr telefonu w formularzu, bardzo prosimy dopisa\u0107 nr kierunkowy +48, <br \/>3. Po przes\u0142aniu formularza, prosimy potwierdzi\u0107\u00a0zg\u0142oszenie <b>klikaj\u0105c w link aktywacyjny<\/b>, kt\u00f3ry przyjdzie na Pa\u0144stwa adres e-mail.<\/p><p>Je\u017celi w danej grupie treningowej s\u0105 miejsca &#8211; otrzymasz telefon od nas z zaproszeniem na trening pr\u00f3bny. <br \/>Je\u017celi w danej grupie aktualnie nie ma miejsc &#8211; otrzymasz od nas informacj\u0119 o zapisaniu dziecka na list\u0119 rezerwow\u0105.<\/p>\t\t\t\t\t\t\t\t<\/div>\n\t\t\t\t<\/div>\n\t\t\t\t\t<\/div>\n\t\t\t\t<\/div>\n\t\t<div class=\"elementor-element elementor-element-01964d9 e-flex e-con-boxed e-con e-parent\" data-id=\"01964d9\" data-element_type=\"container\">\n\t\t\t\t\t<div class=\"e-con-inner\">\n\t\t\t\t<div class=\"elementor-element elementor-element-312a64b elementor-widget elementor-widget-text-editor\" data-id=\"312a64b\" data-element_type=\"widget\" data-widget_type=\"text-editor.default\">\n\t\t\t\t<div class=\"elementor-widget-container\">\n\t\t\t\t\t\t\t\t\t<h3 style=\"text-align: center;\"><strong>Wybierz lokalizacj\u0119 szk\u00f3\u0142ki pi\u0142karskiej<\/strong><\/h3>\t\t\t\t\t\t\t\t<\/div>\n\t\t\t\t<\/div>\n\t\t\t\t\t<\/div>\n\t\t\t\t<\/div>\n\t\t<div class=\"elementor-element elementor-element-73a47c9 e-flex e-con-boxed e-con e-parent\" data-id=\"73a47c9\" data-element_type=\"container\">\n\t\t\t\t\t<div class=\"e-con-inner\">\n\t\t<div class=\"elementor-element elementor-element-f1593e5 e-con-full e-flex e-con e-child\" data-id=\"f1593e5\" data-element_type=\"container\">\n\t\t\t\t<div class=\"elementor-element elementor-element-1ae9c0d elementor-widget elementor-widget-image\" data-id=\"1ae9c0d\" data-element_type=\"widget\" data-widget_type=\"image.default\">\n\t\t\t\t<div class=\"elementor-widget-container\">\n\t\t\t\t\t\t\t\t\t\t\t\t\t\t\t<img fetchpriority=\"high\" decoding=\"async\" width=\"300\" height=\"300\" src=\"https:\/\/legendarni.com\/wp-content\/uploads\/2026\/02\/Morska-Szkola-Podstawowa-GDANSK-POLUDNIE-1-300x300.png\" class=\"attachment-medium size-medium wp-image-1639\" alt=\"\" srcset=\"https:\/\/legendarni.com\/wp-content\/uploads\/2026\/02\/Morska-Szkola-Podstawowa-GDANSK-POLUDNIE-1-300x300.png 300w, https:\/\/legendarni.com\/wp-content\/uploads\/2026\/02\/Morska-Szkola-Podstawowa-GDANSK-POLUDNIE-1-150x150.png 150w, https:\/\/legendarni.com\/wp-content\/uploads\/2026\/02\/Morska-Szkola-Podstawowa-GDANSK-POLUDNIE-1.png 600w\" sizes=\"(max-width: 300px) 100vw, 300px\" \/>\t\t\t\t\t\t\t\t\t\t\t\t\t\t\t<\/div>\n\t\t\t\t<\/div>\n\t\t\t\t<div class=\"elementor-element elementor-element-5938ce6 e-n-tabs-mobile elementor-widget elementor-widget-n-tabs\" data-id=\"5938ce6\" data-element_type=\"widget\" data-settings=\"{&quot;horizontal_scroll&quot;:&quot;disable&quot;}\" data-widget_type=\"nested-tabs.default\">\n\t\t\t\t<div class=\"elementor-widget-container\">\n\t\t\t\t\t\t\t<div class=\"e-n-tabs\" data-widget-number=\"93555942\" aria-label=\"Karty. Otwieraj elementy za pomoc\u0105 Enter lub Spacji, zamykaj za pomoc\u0105 Escape i nawiguj za pomoc\u0105 klawiszy strza\u0142ek.\">\n\t\t\t<div class=\"e-n-tabs-heading\" role=\"tablist\">\n\t\t\t\t\t<button id=\"e-n-tab-title-935559421\" data-tab-title-id=\"e-n-tab-title-935559421\" class=\"e-n-tab-title\" aria-selected=\"true\" data-tab-index=\"1\" role=\"tab\" tabindex=\"0\" aria-controls=\"e-n-tab-content-935559421\" style=\"--n-tabs-title-order: 1;\">\n\t\t\t\t\t\t<span class=\"e-n-tab-title-text\">\n\t\t\t\tul. Rogali\u0144ska 17\t\t\t<\/span>\n\t\t<\/button>\n\t\t\t\t<button id=\"e-n-tab-title-935559422\" data-tab-title-id=\"e-n-tab-title-935559422\" class=\"e-n-tab-title\" aria-selected=\"false\" data-tab-index=\"2\" role=\"tab\" tabindex=\"-1\" aria-controls=\"e-n-tab-content-935559422\" style=\"--n-tabs-title-order: 2;\">\n\t\t\t\t\t\t<span class=\"e-n-tab-title-text\">\n\t\t\t\tFormularz\t\t\t<\/span>\n\t\t<\/button>\n\t\t\t\t\t<\/div>\n\t\t\t<div class=\"e-n-tabs-content\">\n\t\t\t\t<div id=\"e-n-tab-content-935559421\" role=\"tabpanel\" aria-labelledby=\"e-n-tab-title-935559421\" data-tab-index=\"1\" style=\"--n-tabs-title-order: 1;\" class=\"e-active elementor-element elementor-element-f078e8a e-con-full e-flex e-con e-child\" data-id=\"f078e8a\" data-element_type=\"container\">\n\t\t\t\t<\/div>\n\t\t<div id=\"e-n-tab-content-935559422\" role=\"tabpanel\" aria-labelledby=\"e-n-tab-title-935559422\" data-tab-index=\"2\" style=\"--n-tabs-title-order: 2;\" class=\" elementor-element elementor-element-c4566e4 e-flex e-con-boxed e-con e-child\" data-id=\"c4566e4\" data-element_type=\"container\">\n\t\t\t\t\t<div class=\"e-con-inner\">\n\t\t\t\t<div class=\"elementor-element elementor-element-f00a43a elementor-widget elementor-widget-html\" data-id=\"f00a43a\" data-element_type=\"widget\" data-widget_type=\"html.default\">\n\t\t\t\t<div class=\"elementor-widget-container\">\n\t\t\t\t\t<sbm-advanced-form code=\"da5u2d2ha4\" lang=\"pl\" form=\"3741\"><\/sbm-advanced-form>\t\t\t\t<\/div>\n\t\t\t\t<\/div>\n\t\t\t\t\t<\/div>\n\t\t\t\t<\/div>\n\t\t\t\t\t<\/div>\n\t\t<\/div>\n\t\t\t\t\t\t<\/div>\n\t\t\t\t<\/div>\n\t\t\t\t<\/div>\n\t\t<div class=\"elementor-element elementor-element-379a4d1 e-con-full e-flex e-con e-child\" data-id=\"379a4d1\" data-element_type=\"container\">\n\t\t\t\t<div class=\"elementor-element elementor-element-00e1405 elementor-widget elementor-widget-image\" data-id=\"00e1405\" data-element_type=\"widget\" data-widget_type=\"image.default\">\n\t\t\t\t<div class=\"elementor-widget-container\">\n\t\t\t\t\t\t\t\t\t\t\t\t\t\t\t<img decoding=\"async\" width=\"300\" height=\"300\" src=\"https:\/\/legendarni.com\/wp-content\/uploads\/2026\/02\/Morska-Szkola-Podstawowa-GDANSK-POLUDNIE-300x300.png\" class=\"attachment-medium size-medium wp-image-1640\" alt=\"\" srcset=\"https:\/\/legendarni.com\/wp-content\/uploads\/2026\/02\/Morska-Szkola-Podstawowa-GDANSK-POLUDNIE-300x300.png 300w, https:\/\/legendarni.com\/wp-content\/uploads\/2026\/02\/Morska-Szkola-Podstawowa-GDANSK-POLUDNIE-150x150.png 150w, https:\/\/legendarni.com\/wp-content\/uploads\/2026\/02\/Morska-Szkola-Podstawowa-GDANSK-POLUDNIE.png 600w\" sizes=\"(max-width: 300px) 100vw, 300px\" \/>\t\t\t\t\t\t\t\t\t\t\t\t\t\t\t<\/div>\n\t\t\t\t<\/div>\n\t\t\t\t<div class=\"elementor-element elementor-element-c9ab3f1 e-n-tabs-mobile elementor-widget elementor-widget-n-tabs\" data-id=\"c9ab3f1\" data-element_type=\"widget\" data-settings=\"{&quot;horizontal_scroll&quot;:&quot;disable&quot;}\" data-widget_type=\"nested-tabs.default\">\n\t\t\t\t<div class=\"elementor-widget-container\">\n\t\t\t\t\t\t\t<div class=\"e-n-tabs\" data-widget-number=\"211465201\" aria-label=\"Karty. Otwieraj elementy za pomoc\u0105 Enter lub Spacji, zamykaj za pomoc\u0105 Escape i nawiguj za pomoc\u0105 klawiszy strza\u0142ek.\">\n\t\t\t<div class=\"e-n-tabs-heading\" role=\"tablist\">\n\t\t\t\t\t<button id=\"e-n-tab-title-2114652011\" data-tab-title-id=\"e-n-tab-title-2114652011\" class=\"e-n-tab-title\" aria-selected=\"true\" data-tab-index=\"1\" role=\"tab\" tabindex=\"0\" aria-controls=\"e-n-tab-content-2114652011\" style=\"--n-tabs-title-order: 1;\">\n\t\t\t\t\t\t<span class=\"e-n-tab-title-text\">\n\t\t\t\tul. Srebrna 11\t\t\t<\/span>\n\t\t<\/button>\n\t\t\t\t<button id=\"e-n-tab-title-2114652012\" data-tab-title-id=\"e-n-tab-title-2114652012\" class=\"e-n-tab-title\" aria-selected=\"false\" data-tab-index=\"2\" role=\"tab\" tabindex=\"-1\" aria-controls=\"e-n-tab-content-2114652012\" style=\"--n-tabs-title-order: 2;\">\n\t\t\t\t\t\t<span class=\"e-n-tab-title-text\">\n\t\t\t\tFormularz\t\t\t<\/span>\n\t\t<\/button>\n\t\t\t\t\t<\/div>\n\t\t\t<div class=\"e-n-tabs-content\">\n\t\t\t\t<div id=\"e-n-tab-content-2114652011\" role=\"tabpanel\" aria-labelledby=\"e-n-tab-title-2114652011\" data-tab-index=\"1\" style=\"--n-tabs-title-order: 1;\" class=\"e-active elementor-element elementor-element-93d82d6 e-flex e-con-boxed e-con e-child\" data-id=\"93d82d6\" data-element_type=\"container\">\n\t\t\t\t\t<div class=\"e-con-inner\">\n\t\t\t\t\t<\/div>\n\t\t\t\t<\/div>\n\t\t<div id=\"e-n-tab-content-2114652012\" role=\"tabpanel\" aria-labelledby=\"e-n-tab-title-2114652012\" data-tab-index=\"2\" style=\"--n-tabs-title-order: 2;\" class=\" elementor-element elementor-element-8d585e1 e-flex e-con-boxed e-con e-child\" data-id=\"8d585e1\" data-element_type=\"container\">\n\t\t\t\t\t<div class=\"e-con-inner\">\n\t\t\t\t<div class=\"elementor-element elementor-element-91bd841 elementor-widget elementor-widget-html\" data-id=\"91bd841\" data-element_type=\"widget\" data-widget_type=\"html.default\">\n\t\t\t\t<div class=\"elementor-widget-container\">\n\t\t\t\t\t<sbm-advanced-form code=\"da5u2d2ha4\" lang=\"pl\" form=\"3742\"><\/sbm-advanced-form>\t\t\t\t<\/div>\n\t\t\t\t<\/div>\n\t\t\t\t\t<\/div>\n\t\t\t\t<\/div>\n\t\t\t\t\t<\/div>\n\t\t<\/div>\n\t\t\t\t\t\t<\/div>\n\t\t\t\t<\/div>\n\t\t\t\t<\/div>\n\t\t\t\t\t<\/div>\n\t\t\t\t<\/div>\n\t\t<div class=\"elementor-element elementor-element-23345d7 e-flex e-con-boxed e-con e-parent\" data-id=\"23345d7\" data-element_type=\"container\">\n\t\t\t\t\t<div class=\"e-con-inner\">\n\t\t\t\t<div class=\"elementor-element elementor-element-2e236e0 elementor-widget elementor-widget-text-editor\" data-id=\"2e236e0\" data-element_type=\"widget\" data-widget_type=\"text-editor.default\">\n\t\t\t\t<div class=\"elementor-widget-container\">\n\t\t\t\t\t\t\t\t\t<h4 style=\"text-align: center;\"><strong>Zaj\u0119cia przedszkolne i szkolne (tylko dla uczni\u00f3w, w czasie pracy przedszkola\/szko\u0142y)<\/strong><\/h4>\t\t\t\t\t\t\t\t<\/div>\n\t\t\t\t<\/div>\n\t\t\t\t<div class=\"elementor-element elementor-element-4e133f2 elementor-widget elementor-widget-image\" data-id=\"4e133f2\" data-element_type=\"widget\" data-widget_type=\"image.default\">\n\t\t\t\t<div class=\"elementor-widget-container\">\n\t\t\t\t\t\t\t\t\t\t\t\t\t\t\t<img decoding=\"async\" width=\"300\" height=\"300\" src=\"https:\/\/legendarni.com\/wp-content\/uploads\/2026\/02\/Morska-Szkola-Podstawowa-GDANSK-POLUDNIE-2-300x300.png\" class=\"attachment-medium size-medium wp-image-1685\" alt=\"\" srcset=\"https:\/\/legendarni.com\/wp-content\/uploads\/2026\/02\/Morska-Szkola-Podstawowa-GDANSK-POLUDNIE-2-300x300.png 300w, https:\/\/legendarni.com\/wp-content\/uploads\/2026\/02\/Morska-Szkola-Podstawowa-GDANSK-POLUDNIE-2-150x150.png 150w, https:\/\/legendarni.com\/wp-content\/uploads\/2026\/02\/Morska-Szkola-Podstawowa-GDANSK-POLUDNIE-2.png 600w\" sizes=\"(max-width: 300px) 100vw, 300px\" \/>\t\t\t\t\t\t\t\t\t\t\t\t\t\t\t<\/div>\n\t\t\t\t<\/div>\n\t\t\t\t<div class=\"elementor-element elementor-element-9e921f9 e-n-tabs-mobile elementor-widget elementor-widget-n-tabs\" data-id=\"9e921f9\" data-element_type=\"widget\" data-settings=\"{&quot;horizontal_scroll&quot;:&quot;disable&quot;}\" data-widget_type=\"nested-tabs.default\">\n\t\t\t\t<div class=\"elementor-widget-container\">\n\t\t\t\t\t\t\t<div class=\"e-n-tabs\" data-widget-number=\"166273529\" aria-label=\"Karty. Otwieraj elementy za pomoc\u0105 Enter lub Spacji, zamykaj za pomoc\u0105 Escape i nawiguj za pomoc\u0105 klawiszy strza\u0142ek.\">\n\t\t\t<div class=\"e-n-tabs-heading\" role=\"tablist\">\n\t\t\t\t\t<button id=\"e-n-tab-title-1662735291\" data-tab-title-id=\"e-n-tab-title-1662735291\" class=\"e-n-tab-title\" aria-selected=\"true\" data-tab-index=\"1\" role=\"tab\" tabindex=\"0\" aria-controls=\"e-n-tab-content-1662735291\" style=\"--n-tabs-title-order: 1;\">\n\t\t\t\t\t\t<span class=\"e-n-tab-title-text\">\n\t\t\t\tGda\u0144sk - kilka lokalizacji\t\t\t<\/span>\n\t\t<\/button>\n\t\t\t\t<button id=\"e-n-tab-title-1662735292\" data-tab-title-id=\"e-n-tab-title-1662735292\" class=\"e-n-tab-title\" aria-selected=\"false\" data-tab-index=\"2\" role=\"tab\" tabindex=\"-1\" aria-controls=\"e-n-tab-content-1662735292\" style=\"--n-tabs-title-order: 2;\">\n\t\t\t\t\t\t<span class=\"e-n-tab-title-text\">\n\t\t\t\tFormularz\t\t\t<\/span>\n\t\t<\/button>\n\t\t\t\t\t<\/div>\n\t\t\t<div class=\"e-n-tabs-content\">\n\t\t\t\t<div id=\"e-n-tab-content-1662735291\" role=\"tabpanel\" aria-labelledby=\"e-n-tab-title-1662735291\" data-tab-index=\"1\" style=\"--n-tabs-title-order: 1;\" class=\"e-active elementor-element elementor-element-124a9ab e-con-full e-flex e-con e-child\" data-id=\"124a9ab\" data-element_type=\"container\">\n\t\t\t\t<\/div>\n\t\t<div id=\"e-n-tab-content-1662735292\" role=\"tabpanel\" aria-labelledby=\"e-n-tab-title-1662735292\" data-tab-index=\"2\" style=\"--n-tabs-title-order: 2;\" class=\" elementor-element elementor-element-61878c2 e-flex e-con-boxed e-con e-child\" data-id=\"61878c2\" data-element_type=\"container\">\n\t\t\t\t\t<div class=\"e-con-inner\">\n\t\t\t\t<div class=\"elementor-element elementor-element-91f0e52 elementor-widget elementor-widget-html\" data-id=\"91f0e52\" data-element_type=\"widget\" data-widget_type=\"html.default\">\n\t\t\t\t<div class=\"elementor-widget-container\">\n\t\t\t\t\t<sbm-advanced-form code=\"da5u2d2ha4\" lang=\"pl\" form=\"3743\"><\/sbm-advanced-form>\t\t\t\t<\/div>\n\t\t\t\t<\/div>\n\t\t\t\t\t<\/div>\n\t\t\t\t<\/div>\n\t\t\t\t\t<\/div>\n\t\t<\/div>\n\t\t\t\t\t\t<\/div>\n\t\t\t\t<\/div>\n\t\t\t\t\t<\/div>\n\t\t\t\t<\/div>\n\t\t<div class=\"elementor-element elementor-element-3925e02 e-flex e-con-boxed e-con e-parent\" data-id=\"3925e02\" data-element_type=\"container\">\n\t\t\t\t\t<div class=\"e-con-inner\">\n\t\t\t\t\t<\/div>\n\t\t\t\t<\/div>\n\t\t\t\t<\/div>\n\t\t","protected":false},"excerpt":{"rendered":"<p>Jak zapisa\u0107 si\u0119 do naszego klubu? 1. Wybierz lokalizacj\u0119, do kt\u00f3rej chcesz zapisa\u0107 swojego pi\u0142karza\/pi\u0142kark\u0119 i kliknij &#8222;Formularz&#8221;2. Wype\u0142nij wszystkie dane w [&hellip;]<\/p>\n","protected":false},"author":1,"featured_media":0,"parent":0,"menu_order":0,"comment_status":"closed","ping_status":"closed","template":"","meta":{"footnotes":""},"class_list":["post-434","page","type-page","status-publish","hentry"],"yoast_head":"<!-- This site is optimized with the Yoast SEO plugin v26.8 - https:\/\/yoast.com\/product\/yoast-seo-wordpress\/ -->\n<title>Zapisy - Legendarni Gda\u0144sk - szk\u00f3\u0142ka pi\u0142karska dla dzieci 4-15 lat w Gda\u0144sku<\/title>\n<meta name=\"robots\" content=\"index, follow, max-snippet:-1, max-image-preview:large, max-video-preview:-1\" \/>\n<link rel=\"canonical\" href=\"https:\/\/legendarni.com\/index.php\/zapisy-2025-2026\/\" \/>\n<meta property=\"og:locale\" content=\"pl_PL\" \/>\n<meta property=\"og:type\" content=\"article\" \/>\n<meta property=\"og:title\" content=\"Zapisy - Legendarni Gda\u0144sk - szk\u00f3\u0142ka pi\u0142karska dla dzieci 4-15 lat w Gda\u0144sku\" \/>\n<meta property=\"og:description\" content=\"Jak zapisa\u0107 si\u0119 do naszego klubu? 1. Wybierz lokalizacj\u0119, do kt\u00f3rej chcesz zapisa\u0107 swojego pi\u0142karza\/pi\u0142kark\u0119 i kliknij &#8222;Formularz&#8221;2. Wype\u0142nij wszystkie dane w [&hellip;]\" \/>\n<meta property=\"og:url\" content=\"https:\/\/legendarni.com\/index.php\/zapisy-2025-2026\/\" \/>\n<meta property=\"og:site_name\" content=\"Legendarni Gda\u0144sk - szk\u00f3\u0142ka pi\u0142karska dla dzieci 4-15 lat w Gda\u0144sku\" \/>\n<meta property=\"article:modified_time\" content=\"2026-02-14T17:35:00+00:00\" \/>\n<meta property=\"og:image\" content=\"https:\/\/legendarni.com\/wp-content\/uploads\/2026\/02\/Morska-Szkola-Podstawowa-GDANSK-POLUDNIE-1.png\" \/>\n\t<meta property=\"og:image:width\" content=\"600\" \/>\n\t<meta property=\"og:image:height\" content=\"600\" \/>\n\t<meta property=\"og:image:type\" content=\"image\/png\" \/>\n<meta name=\"twitter:card\" content=\"summary_large_image\" \/>\n<meta name=\"twitter:label1\" content=\"Szacowany czas czytania\" \/>\n\t<meta name=\"twitter:data1\" content=\"2 minuty\" \/>\n<script type=\"application\/ld+json\" class=\"yoast-schema-graph\">{\"@context\":\"https:\/\/schema.org\",\"@graph\":[{\"@type\":\"WebPage\",\"@id\":\"https:\/\/legendarni.com\/index.php\/zapisy-2025-2026\/\",\"url\":\"https:\/\/legendarni.com\/index.php\/zapisy-2025-2026\/\",\"name\":\"Zapisy - Legendarni Gda\u0144sk - szk\u00f3\u0142ka pi\u0142karska dla dzieci 4-15 lat w Gda\u0144sku\",\"isPartOf\":{\"@id\":\"https:\/\/legendarni.com\/#website\"},\"primaryImageOfPage\":{\"@id\":\"https:\/\/legendarni.com\/index.php\/zapisy-2025-2026\/#primaryimage\"},\"image\":{\"@id\":\"https:\/\/legendarni.com\/index.php\/zapisy-2025-2026\/#primaryimage\"},\"thumbnailUrl\":\"https:\/\/legendarni.com\/wp-content\/uploads\/2026\/02\/Morska-Szkola-Podstawowa-GDANSK-POLUDNIE-1-300x300.png\",\"datePublished\":\"2024-09-04T13:42:45+00:00\",\"dateModified\":\"2026-02-14T17:35:00+00:00\",\"breadcrumb\":{\"@id\":\"https:\/\/legendarni.com\/index.php\/zapisy-2025-2026\/#breadcrumb\"},\"inLanguage\":\"pl-PL\",\"potentialAction\":[{\"@type\":\"ReadAction\",\"target\":[\"https:\/\/legendarni.com\/index.php\/zapisy-2025-2026\/\"]}]},{\"@type\":\"ImageObject\",\"inLanguage\":\"pl-PL\",\"@id\":\"https:\/\/legendarni.com\/index.php\/zapisy-2025-2026\/#primaryimage\",\"url\":\"https:\/\/legendarni.com\/wp-content\/uploads\/2026\/02\/Morska-Szkola-Podstawowa-GDANSK-POLUDNIE-1.png\",\"contentUrl\":\"https:\/\/legendarni.com\/wp-content\/uploads\/2026\/02\/Morska-Szkola-Podstawowa-GDANSK-POLUDNIE-1.png\",\"width\":600,\"height\":600},{\"@type\":\"BreadcrumbList\",\"@id\":\"https:\/\/legendarni.com\/index.php\/zapisy-2025-2026\/#breadcrumb\",\"itemListElement\":[{\"@type\":\"ListItem\",\"position\":1,\"name\":\"Home\",\"item\":\"https:\/\/legendarni.com\/\"},{\"@type\":\"ListItem\",\"position\":2,\"name\":\"Zapisy\"}]},{\"@type\":\"WebSite\",\"@id\":\"https:\/\/legendarni.com\/#website\",\"url\":\"https:\/\/legendarni.com\/\",\"name\":\"Legendarni Gda\u0144sk - szk\u00f3\u0142ka pi\u0142karska dla dzieci 4-15 lat w Gda\u0144sku\",\"description\":\"\",\"publisher\":{\"@id\":\"https:\/\/legendarni.com\/#organization\"},\"potentialAction\":[{\"@type\":\"SearchAction\",\"target\":{\"@type\":\"EntryPoint\",\"urlTemplate\":\"https:\/\/legendarni.com\/?s={search_term_string}\"},\"query-input\":{\"@type\":\"PropertyValueSpecification\",\"valueRequired\":true,\"valueName\":\"search_term_string\"}}],\"inLanguage\":\"pl-PL\"},{\"@type\":\"Organization\",\"@id\":\"https:\/\/legendarni.com\/#organization\",\"name\":\"Legendarni Gda\u0144sk - szk\u00f3\u0142ka pi\u0142karska dla dzieci 4-15 lat w Gda\u0144sku\",\"url\":\"https:\/\/legendarni.com\/\",\"logo\":{\"@type\":\"ImageObject\",\"inLanguage\":\"pl-PL\",\"@id\":\"https:\/\/legendarni.com\/#\/schema\/logo\/image\/\",\"url\":\"https:\/\/legendarni.com\/wp-content\/uploads\/2024\/04\/KS-Legendarni-Gdansk-@2x-kopia-400x119-1.png\",\"contentUrl\":\"https:\/\/legendarni.com\/wp-content\/uploads\/2024\/04\/KS-Legendarni-Gdansk-@2x-kopia-400x119-1.png\",\"width\":400,\"height\":119,\"caption\":\"Legendarni Gda\u0144sk - szk\u00f3\u0142ka pi\u0142karska dla dzieci 4-15 lat w Gda\u0144sku\"},\"image\":{\"@id\":\"https:\/\/legendarni.com\/#\/schema\/logo\/image\/\"}}]}<\/script>\n<!-- \/ Yoast SEO plugin. -->","yoast_head_json":{"title":"Zapisy - Legendarni Gda\u0144sk - szk\u00f3\u0142ka pi\u0142karska dla dzieci 4-15 lat w Gda\u0144sku","robots":{"index":"index","follow":"follow","max-snippet":"max-snippet:-1","max-image-preview":"max-image-preview:large","max-video-preview":"max-video-preview:-1"},"canonical":"https:\/\/legendarni.com\/index.php\/zapisy-2025-2026\/","og_locale":"pl_PL","og_type":"article","og_title":"Zapisy - Legendarni Gda\u0144sk - szk\u00f3\u0142ka pi\u0142karska dla dzieci 4-15 lat w Gda\u0144sku","og_description":"Jak zapisa\u0107 si\u0119 do naszego klubu? 1. Wybierz lokalizacj\u0119, do kt\u00f3rej chcesz zapisa\u0107 swojego pi\u0142karza\/pi\u0142kark\u0119 i kliknij &#8222;Formularz&#8221;2. Wype\u0142nij wszystkie dane w [&hellip;]","og_url":"https:\/\/legendarni.com\/index.php\/zapisy-2025-2026\/","og_site_name":"Legendarni Gda\u0144sk - szk\u00f3\u0142ka pi\u0142karska dla dzieci 4-15 lat w Gda\u0144sku","article_modified_time":"2026-02-14T17:35:00+00:00","og_image":[{"width":600,"height":600,"url":"https:\/\/legendarni.com\/wp-content\/uploads\/2026\/02\/Morska-Szkola-Podstawowa-GDANSK-POLUDNIE-1.png","type":"image\/png"}],"twitter_card":"summary_large_image","twitter_misc":{"Szacowany czas czytania":"2 minuty"},"schema":{"@context":"https:\/\/schema.org","@graph":[{"@type":"WebPage","@id":"https:\/\/legendarni.com\/index.php\/zapisy-2025-2026\/","url":"https:\/\/legendarni.com\/index.php\/zapisy-2025-2026\/","name":"Zapisy - Legendarni Gda\u0144sk - szk\u00f3\u0142ka pi\u0142karska dla dzieci 4-15 lat w Gda\u0144sku","isPartOf":{"@id":"https:\/\/legendarni.com\/#website"},"primaryImageOfPage":{"@id":"https:\/\/legendarni.com\/index.php\/zapisy-2025-2026\/#primaryimage"},"image":{"@id":"https:\/\/legendarni.com\/index.php\/zapisy-2025-2026\/#primaryimage"},"thumbnailUrl":"https:\/\/legendarni.com\/wp-content\/uploads\/2026\/02\/Morska-Szkola-Podstawowa-GDANSK-POLUDNIE-1-300x300.png","datePublished":"2024-09-04T13:42:45+00:00","dateModified":"2026-02-14T17:35:00+00:00","breadcrumb":{"@id":"https:\/\/legendarni.com\/index.php\/zapisy-2025-2026\/#breadcrumb"},"inLanguage":"pl-PL","potentialAction":[{"@type":"ReadAction","target":["https:\/\/legendarni.com\/index.php\/zapisy-2025-2026\/"]}]},{"@type":"ImageObject","inLanguage":"pl-PL","@id":"https:\/\/legendarni.com\/index.php\/zapisy-2025-2026\/#primaryimage","url":"https:\/\/legendarni.com\/wp-content\/uploads\/2026\/02\/Morska-Szkola-Podstawowa-GDANSK-POLUDNIE-1.png","contentUrl":"https:\/\/legendarni.com\/wp-content\/uploads\/2026\/02\/Morska-Szkola-Podstawowa-GDANSK-POLUDNIE-1.png","width":600,"height":600},{"@type":"BreadcrumbList","@id":"https:\/\/legendarni.com\/index.php\/zapisy-2025-2026\/#breadcrumb","itemListElement":[{"@type":"ListItem","position":1,"name":"Home","item":"https:\/\/legendarni.com\/"},{"@type":"ListItem","position":2,"name":"Zapisy"}]},{"@type":"WebSite","@id":"https:\/\/legendarni.com\/#website","url":"https:\/\/legendarni.com\/","name":"Legendarni Gda\u0144sk - szk\u00f3\u0142ka pi\u0142karska dla dzieci 4-15 lat w Gda\u0144sku","description":"","publisher":{"@id":"https:\/\/legendarni.com\/#organization"},"potentialAction":[{"@type":"SearchAction","target":{"@type":"EntryPoint","urlTemplate":"https:\/\/legendarni.com\/?s={search_term_string}"},"query-input":{"@type":"PropertyValueSpecification","valueRequired":true,"valueName":"search_term_string"}}],"inLanguage":"pl-PL"},{"@type":"Organization","@id":"https:\/\/legendarni.com\/#organization","name":"Legendarni Gda\u0144sk - szk\u00f3\u0142ka pi\u0142karska dla dzieci 4-15 lat w Gda\u0144sku","url":"https:\/\/legendarni.com\/","logo":{"@type":"ImageObject","inLanguage":"pl-PL","@id":"https:\/\/legendarni.com\/#\/schema\/logo\/image\/","url":"https:\/\/legendarni.com\/wp-content\/uploads\/2024\/04\/KS-Legendarni-Gdansk-@2x-kopia-400x119-1.png","contentUrl":"https:\/\/legendarni.com\/wp-content\/uploads\/2024\/04\/KS-Legendarni-Gdansk-@2x-kopia-400x119-1.png","width":400,"height":119,"caption":"Legendarni Gda\u0144sk - szk\u00f3\u0142ka pi\u0142karska dla dzieci 4-15 lat w Gda\u0144sku"},"image":{"@id":"https:\/\/legendarni.com\/#\/schema\/logo\/image\/"}}]}},"_links":{"self":[{"href":"https:\/\/legendarni.com\/index.php\/wp-json\/wp\/v2\/pages\/434","targetHints":{"allow":["GET"]}}],"collection":[{"href":"https:\/\/legendarni.com\/index.php\/wp-json\/wp\/v2\/pages"}],"about":[{"href":"https:\/\/legendarni.com\/index.php\/wp-json\/wp\/v2\/types\/page"}],"author":[{"embeddable":true,"href":"https:\/\/legendarni.com\/index.php\/wp-json\/wp\/v2\/users\/1"}],"replies":[{"embeddable":true,"href":"https:\/\/legendarni.com\/index.php\/wp-json\/wp\/v2\/comments?post=434"}],"version-history":[{"count":249,"href":"https:\/\/legendarni.com\/index.php\/wp-json\/wp\/v2\/pages\/434\/revisions"}],"predecessor-version":[{"id":1703,"href":"https:\/\/legendarni.com\/index.php\/wp-json\/wp\/v2\/pages\/434\/revisions\/1703"}],"wp:attachment":[{"href":"https:\/\/legendarni.com\/index.php\/wp-json\/wp\/v2\/media?parent=434"}],"curies":[{"name":"wp","href":"https:\/\/api.w.org\/{rel}","templated":true}]}}